{"id":3663,"date":"2024-03-07T13:21:34","date_gmt":"2024-03-07T11:21:34","guid":{"rendered":"http:\/\/lovedoll.ee\/TESTING-2026\/?page_id=3663"},"modified":"2026-03-13T17:55:47","modified_gmt":"2026-03-13T15:55:47","slug":"seksnukud","status":"publish","type":"page","link":"https:\/\/lovedoll.ee\/TESTING-2026\/et\/seksnukud\/","title":{"rendered":"Seksnukud \u2013 Seksnukk ja seksrobot"},"content":{"rendered":"<div class=\"wpb-content-wrapper\"><div class=\"ld-seo-page\">\n<p>[vc_row full_width=&#8221;stretch_row&#8221; el_class=&#8221;ld-hero-section&#8221;]<\/p>\n<p>[vc_column width=&#8221;1\/2&#8243; el_class=&#8221;ld-hero-images&#8221;]<\/p>\n<p>[vc_single_image image=&#8221;23454&#8243; img_size=&#8221;full&#8221; alignment=&#8221;center&#8221; el_class=&#8221;ld-image-card ld-hero-image&#8221;]<\/p>\n<p>[\/vc_column]<\/p>\n<p>[vc_column width=&#8221;1\/2&#8243; el_class=&#8221;ld-hero-copy&#8221;]<\/p>\n<p>[vc_custom_heading text=&#8221;Seksnukud&#8221; font_container=&#8221;tag:h1|text_align:left|color:%23ffffff&#8221;]<\/p>\n<p>[vc_column_text]<\/p>\n<p>Avasta premium-kvaliteediga realistlikud seksnukud, mis \u00fchendavad elutruu v\u00e4limuse, loomuliku tunnetuse ja pikaajalise vastupidavuse. Lovedolli valikust leiad nii silikoon- kui TPE-seksnukud, samuti t\u00e4iustatud seksrobotid ja kohandatavad mudelid erinevate eelistuste jaoks.<\/p>\n<p>Kui otsid realistlikku seksnukku, mis n\u00e4eb hea v\u00e4lja, tundub kvaliteetne ja on diskreetselt tarnitav, siis siit saad alustada \u00f5igesti.<\/p>\n<p>[\/vc_column_text]<\/p>\n<p>[vc_btn title=&#8221;Sirvi k\u00f5iki seksnukke&#8221; style=&#8221;custom&#8221; custom_background=&#8221;#2b2b2b&#8221; custom_text=&#8221;#ffffff&#8221; size=&#8221;lg&#8221; link=&#8221;url:https%3A%2F%2Flovedoll.ee%2Fet%2Fseksnukkude-pood%2F&#8221; el_class=&#8221;ld-btn-main&#8221;]<\/p>\n<p>[\/vc_column]<\/p>\n<p>[\/vc_row]<\/p>\n<p>[vc_row el_class=&#8221;ld-trust-row&#8221;]<\/p>\n<p>[vc_column width=&#8221;1\/3&#8243;]<\/p>\n<p>[vc_column_text el_class=&#8221;ld-trust-card&#8221;]<\/p>\n<div class=\"ld-trust-icon\">\ud83d\udd12<\/div>\n<div class=\"ld-trust-title\">Diskreetne tarne<\/div>\n<div class=\"ld-trust-text\">Neutraalne pakend ja privaatsust hoidev k\u00e4sitlus.<\/div>\n<p>[\/vc_column_text]<\/p>\n<p>[\/vc_column]<\/p>\n<p>[vc_column width=&#8221;1\/3&#8243;]<\/p>\n<p>[vc_column_text el_class=&#8221;ld-trust-card&#8221;]<\/p>\n<div class=\"ld-trust-icon\">\u2605<\/div>\n<div class=\"ld-trust-title\">Premium valik<\/div>\n<div class=\"ld-trust-text\">Silikoon, TPE, erinevad suurused ja lisafunktsioonid.<\/div>\n<p>[\/vc_column_text]<\/p>\n<p>[\/vc_column]<\/p>\n<p>[vc_column width=&#8221;1\/3&#8243;]<\/p>\n<p>[vc_column_text el_class=&#8221;ld-trust-card&#8221;]<\/p>\n<div class=\"ld-trust-icon\">\u2713<\/div>\n<div class=\"ld-trust-title\">Abi valikul<\/div>\n<div class=\"ld-trust-text\">Soovitame mudelit vastavalt materjalile ja eelistustele.<\/div>\n<p>[\/vc_column_text]<\/p>\n<p>[\/vc_column]<\/p>\n<p>[\/vc_row]<\/p>\n<p>[vc_row el_class=&#8221;ld-section ld-section-white&#8221;]<\/p>\n<p>[vc_column]<\/p>\n<p>[vc_custom_heading text=&#8221;Vali sobiv seksnuku t\u00fc\u00fcp&#8221;]<\/p>\n<p>[vc_column_text]<\/p>\n<p>Seksnuku valimisel on k\u00f5ige olulisemad materjal, tunnetus, suurus, hooldusvajadus ja realismi tase. Allpool saad kiiresti liikuda just sulle sobiva kategooria juurde.<\/p>\n<p>[\/vc_column_text]<\/p>\n<p>[\/vc_column]<\/p>\n<p>[vc_column width=&#8221;1\/3&#8243;]<\/p>\n<p>[vc_single_image image=&#8221;22267&#8243; img_size=&#8221;full&#8221; alignment=&#8221;center&#8221; el_class=&#8221;ld-image-card ld-image-tall&#8221;]<\/p>\n<p>[vc_column_text el_class=&#8221;ld-content-card&#8221;]<\/p>\n<h3>Silikoonnukud<\/h3>\n<p>Premium-tasemel realism, tugevam struktuur ja v\u00e4ga hea detailide s\u00e4ilivus. Hea valik, kui otsid v\u00f5imalikult viimistletud ja luksuslikku tulemust.<\/p>\n<p>[\/vc_column_text]<\/p>\n<p>[vc_btn title=&#8221;Sirvi silikoonnukke&#8221; style=&#8221;custom&#8221; custom_background=&#8221;#2b2b2b&#8221; custom_text=&#8221;#ffffff&#8221; link=&#8221;url:https%3A%2F%2Flovedoll.ee%2Fet%2Fseksnukkude-pood%2F%3Ffilters%3Dproduct_cat%5B107%5D&#8221; el_class=&#8221;ld-btn-main&#8221;]<\/p>\n<p>[\/vc_column]<\/p>\n<p>[vc_column width=&#8221;1\/3&#8243;]<\/p>\n<p>[vc_single_image image=&#8221;22265&#8243; img_size=&#8221;full&#8221; alignment=&#8221;center&#8221; el_class=&#8221;ld-image-card ld-image-tall&#8221;]<\/p>\n<p>[vc_column_text el_class=&#8221;ld-content-card&#8221;]<\/p>\n<h3>TPE-nukud<\/h3>\n<p>Pehmem tunnetus, paindlikum pind ja v\u00e4ga hea hinna-kvaliteedi suhe. Sobib h\u00e4sti neile, kes eelistavad pehmust ja loomulikumat puudutust.<\/p>\n<p>[\/vc_column_text]<\/p>\n<p>[vc_btn title=&#8221;Sirvi TPE-nukke&#8221; style=&#8221;custom&#8221; custom_background=&#8221;#2b2b2b&#8221; custom_text=&#8221;#ffffff&#8221; link=&#8221;url:https%3A%2F%2Flovedoll.ee%2Fet%2Fseksnukkude-pood%2F%3Ffilters%3Dproduct_cat%5B108%5D&#8221; el_class=&#8221;ld-btn-main&#8221;]<\/p>\n<p>[\/vc_column]<\/p>\n<p>[vc_column width=&#8221;1\/3&#8243;]<\/p>\n<p>[vc_single_image image=&#8221;22264&#8243; img_size=&#8221;full&#8221; alignment=&#8221;center&#8221; el_class=&#8221;ld-image-card ld-image-tall&#8221;]<\/p>\n<p>[vc_column_text el_class=&#8221;ld-content-card&#8221;]<\/p>\n<h3>Seksrobotid<\/h3>\n<p>T\u00e4iustatud funktsioonidega mudelid, mis pakuvad suuremat interaktiivsust, rohkem tehnilisi valikuid ja erilisemat kasutuskogemust.<\/p>\n<p>[\/vc_column_text]<\/p>\n<p>[vc_btn title=&#8221;Sirvi seksroboteid&#8221; style=&#8221;custom&#8221; custom_background=&#8221;#2b2b2b&#8221; custom_text=&#8221;#ffffff&#8221; link=&#8221;url:https%3A%2F%2Flovedoll.ee%2Fet%2Fseksnukkude-pood%2F%3Ffilters%3Dproduct_cat%5B293%5D&#8221; el_class=&#8221;ld-btn-main&#8221;]<\/p>\n<p>[\/vc_column]<\/p>\n<p>[\/vc_row]<\/p>\n<p>[vc_row full_width=&#8221;stretch_row&#8221; el_class=&#8221;ld-section ld-section-soft&#8221;]<\/p>\n<p>[vc_column width=&#8221;1\/2&#8243;]<\/p>\n<p>[vc_custom_heading text=&#8221;Silikoon vs TPE seksnukud&#8221;]<\/p>\n<p>[vc_column_text]<\/p>\n<p>K\u00f5ige sagedamini v\u00f5rreldakse omavahel silikoon- ja TPE-seksnukke. M\u00f5lemal materjalil on oma eelised ning \u00f5ige valik s\u00f5ltub sellest, kas pead olulisemaks maksimaalset detailsust, pehmemat tunnetust, lihtsamat k\u00e4sitsemist v\u00f5i konkreetset hinnataset.<\/p>\n<p>[\/vc_column_text]<\/p>\n<p>[vc_custom_heading text=&#8221;Silikoon&#8221;]<\/p>\n<p>[vc_column_text]<\/p>\n<ul class=\"ld-bullet-list\">\n<li>v\u00e4ga k\u00f5rge detailsus ja viimistletud pind<\/li>\n<li>stabiilsem ja premium-tasemel tunnetus<\/li>\n<li>hea vastupidavus korrektse hoolduse korral<\/li>\n<li>sobib neile, kes hindavad maksimaalset realismi ja struktuuri<\/li>\n<\/ul>\n<p>[\/vc_column_text]<\/p>\n<p>[vc_custom_heading text=&#8221;TPE&#8221;]<\/p>\n<p>[vc_column_text]<\/p>\n<ul class=\"ld-bullet-list\">\n<li>pehmem ja nahal\u00e4hedasem tunnetus<\/li>\n<li>mugav poseerimine ja paindlikum pind<\/li>\n<li>v\u00e4ga hea hinna-kvaliteedi suhe<\/li>\n<li>sobib neile, kes eelistavad pehmust ja paindlikkust<\/li>\n<\/ul>\n<p>[\/vc_column_text]<\/p>\n<p>[\/vc_column]<\/p>\n<p>[vc_column width=&#8221;1\/2&#8243;]<\/p>\n<p>[vc_single_image image=&#8221;22250&#8243; img_size=&#8221;full&#8221; alignment=&#8221;center&#8221; el_class=&#8221;ld-image-card ld-image-feature&#8221;]<\/p>\n<p>[\/vc_column]<\/p>\n<p>[\/vc_row]<\/p>\n<p>[vc_row full_width=&#8221;stretch_row&#8221; el_class=&#8221;ld-section ld-section-dark&#8221;]<\/p>\n<p>[vc_column width=&#8221;2\/3&#8243;]<\/p>\n<p>[vc_custom_heading text=&#8221;Kuidas valida endale sobiv seksnukk&#8221; font_container=&#8221;tag:h2|text_align:left|color:%23ffffff&#8221;]<\/p>\n<p>[vc_column_text]<\/p>\n<p>\u00d5ige seksnuku valimine ei alga ainult v\u00e4limusest. Praktikas m\u00f5jutavad kasutuskogemust k\u00f5ige rohkem materjal, k\u00f5rgus, kaal, skeleti ehitus, hooldusvajadus ja v\u00f5imalikud lisafunktsioonid. Kui soovid realistlikku seksnukku igap\u00e4evaseks kasutamiseks, tasub valida mudel, mida on lihtne k\u00e4sitseda, puhastada ja hoiustada.<\/p>\n<p>Kui soovid rohkem luksuslikku tunnetust ja teravat detaili, on silikoon sageli parem valik. Kui pead t\u00e4htsamaks pehmust, paindlikkust ja soodsamat hinda, on TPE sageli praktilisem. Suurema realismi jaoks tasub t\u00e4helepanu p\u00f6\u00f6rata ka pea t\u00fc\u00fcbile, kehakujule, rindade suurusele, nahatoonile, parukale ja v\u00f5imalikele lisafunktsioonidele.<\/p>\n<p>[\/vc_column_text]<\/p>\n<p>[\/vc_column]<\/p>\n<p>[vc_column width=&#8221;1\/3&#8243;]<\/p>\n<p>[vc_column_text el_class=&#8221;ld-side-card&#8221;]<\/p>\n<h3>Valiku kontrollnimekiri<\/h3>\n<ul class=\"ld-bullet-list\">\n<li>materjal: silikoon v\u00f5i TPE<\/li>\n<li>k\u00f5rgus ja kaal<\/li>\n<li>realism ja detailsus<\/li>\n<li>poseeritavus ja skelett<\/li>\n<li>hooldus ja hoiustamine<\/li>\n<li>lisad ja kohandamine<\/li>\n<\/ul>\n<p>[\/vc_column_text]<\/p>\n<p>[\/vc_column]<\/p>\n<p>[\/vc_row]<\/p>\n<p>[vc_row full_width=&#8221;stretch_row&#8221; el_class=&#8221;ld-section ld-section-gold&#8221;]<\/p>\n<p>[vc_column width=&#8221;2\/3&#8243;]<\/p>\n<p>[vc_custom_heading text=&#8221;Pole kindel, kust alustada?&#8221;]<\/p>\n<p>[vc_column_text]<\/p>\n<p>Kirjelda meile, kas eelistad silikooni v\u00f5i TPE-d, millist suurusvahemikku otsid ja kas sinu jaoks on olulisem realism, pehmus v\u00f5i lihtsam k\u00e4sitsemine. Soovitame sulle sobivaid mudeleid ja aitame valikut kitsendada.<\/p>\n<p>[\/vc_column_text]<\/p>\n<p>[vc_btn title=&#8221;K\u00fcsi soovitust&#8221; style=&#8221;custom&#8221; custom_background=&#8221;#2b2b2b&#8221; custom_text=&#8221;#ffffff&#8221; size=&#8221;lg&#8221; align=&#8221;left&#8221; link=&#8221;url:https%3A%2F%2Flovedoll.ee%2Fet%2Fkontakt%2F&#8221; el_class=&#8221;ld-btn-main&#8221;]<\/p>\n<p>[\/vc_column]<\/p>\n<p>[\/vc_row]<\/p>\n<p>[vc_row full_width=&#8221;stretch_row&#8221; el_class=&#8221;ld-section ld-section-white&#8221;]<\/p>\n<p>[vc_column]<\/p>\n<p>[vc_custom_heading text=&#8221;Seksnuku hooldus ja vastupidavus&#8221;]<\/p>\n<p>[vc_column_text]<\/p>\n<p>Kvaliteetne seksnukk peab kaua vastu siis, kui seda puhastatakse ja hoiustatakse \u00f5igesti. P\u00e4rast kasutamist tuleks nukk puhastada \u00f5rnade kehale ohutute vahenditega, kuivatada p\u00f5hjalikult ning hoida kuivas kohas eemal otsesest p\u00e4ikesevalgusest ja liigsest kuumusest.<\/p>\n<p>Silikoon- ja TPE-materjal k\u00e4ituvad hoolduses m\u00f5nev\u00f5rra erinevalt, mist\u00f5ttu tuleb alati j\u00e4rgida konkreetse toote juhiseid. \u00d5ige hooldus aitab s\u00e4ilitada materjali v\u00e4limust, naha tekstuuri ja \u00fcldist kvaliteeti pikema aja jooksul.<\/p>\n<p>[\/vc_column_text]<\/p>\n<p>[\/vc_column]<\/p>\n<p>[\/vc_row]<\/p>\n<p>[vc_row el_class=&#8221;ld-care-row ld-section-soft&#8221;]<\/p>\n<p>[vc_column width=&#8221;1\/3&#8243;]<\/p>\n<p>[vc_column_text el_class=&#8221;ld-dark-card&#8221;]<\/p>\n<h3>Puhastamine<\/h3>\n<p>Kasuta \u00f5rnaid puhastusvahendeid ning kuivata hoolikalt p\u00e4rast igat pesu.<\/p>\n<p>[\/vc_column_text]<\/p>\n<p>[\/vc_column]<\/p>\n<p>[vc_column width=&#8221;1\/3&#8243;]<\/p>\n<p>[vc_column_text el_class=&#8221;ld-dark-card&#8221;]<\/p>\n<h3>Hoiustamine<\/h3>\n<p>Hoia nukku puhtas, kuivas ja varjulises kohas, et s\u00e4ilitada materjali kvaliteet.<\/p>\n<p>[\/vc_column_text]<\/p>\n<p>[\/vc_column]<\/p>\n<p>[vc_column width=&#8221;1\/3&#8243;]<\/p>\n<p>[vc_column_text el_class=&#8221;ld-dark-card&#8221;]<\/p>\n<h3>K\u00e4sitsemine<\/h3>\n<p>Toeta liigeseid ja v\u00e4ldi teravaid esemeid v\u00f5i karedaid pindu, mis v\u00f5ivad materjali kahjustada.<\/p>\n<p>[\/vc_column_text]<\/p>\n<p>[\/vc_column]<\/p>\n<p>[\/vc_row]<\/p>\n<p>[vc_row full_width=&#8221;stretch_row&#8221; el_class=&#8221;ld-section ld-section-dark ld-faq-section&#8221;]<\/p>\n<p>[vc_column]<\/p>\n<p>[vc_custom_heading text=&#8221;KKK&#8221; font_container=&#8221;tag:h2|text_align:left|color:%23ffffff&#8221;]<\/p>\n<p>[vc_column_text]<\/p>\n<p>Allpool on vastused k\u00fcsimustele, mida k\u00fcsitakse k\u00f5ige sagedamini enne seksnuku ostmist.<\/p>\n<p>[\/vc_column_text]<\/p>\n<p>[vc_tta_accordion c_icon=&#8221;chevron&#8221; active_section=&#8221;0&#8243; collapsible_all=&#8221;true&#8221; el_class=&#8221;ld-faq-accordion&#8221;]<\/p>\n<p>[vc_tta_section title=&#8221;Kas silikoon v\u00f5i TPE on parem?&#8221; tab_id=&#8221;faq1&#8243;]<br \/>\n[vc_column_text]<br \/>\nSee s\u00f5ltub sinu eelistustest. Silikoon pakub tavaliselt struktureeritumat tunnetust, teravamat detaili ja luksuslikumat viimistlust. TPE on pehmem, paindlikum ja sageli soodsama hinnaga.<br \/>\n[\/vc_column_text]<br \/>\n[\/vc_tta_section]<\/p>\n<p>[vc_tta_section title=&#8221;Kuidas valida \u00f5ige suurus?&#8221; tab_id=&#8221;faq2&#8243;]<br \/>\n[vc_column_text]<br \/>\nArvesta hoiustamisruumi, kaalu ja seda, kui tihti plaanid nukku liigutada. Kergemad mudelid on praktilisemad, suuremad mudelid pakuvad enamasti tugevamat realismi.<br \/>\n[\/vc_column_text]<br \/>\n[\/vc_tta_section]<\/p>\n<p>[vc_tta_section title=&#8221;Kas tarne on diskreetne?&#8221; tab_id=&#8221;faq3&#8243;]<br \/>\n[vc_column_text]<br \/>\nJah. Tellimused saadetakse neutraalses pakendis, mis aitab hoida ostu privaatsena.<br \/>\n[\/vc_column_text]<br \/>\n[\/vc_tta_section]<\/p>\n<p>[vc_tta_section title=&#8221;Kas saan seksnuku omadusi kohandada?&#8221; tab_id=&#8221;faq4&#8243;]<br \/>\n[vc_column_text]<br \/>\nPaljudel mudelitel saad valida pea t\u00fc\u00fcbi, paruka, nahatooni, kehakuju ja teatud lisafunktsioone. T\u00e4psed valikud s\u00f5ltuvad tootjast ja konkreetsest mudelist.<br \/>\n[\/vc_column_text]<br \/>\n[\/vc_tta_section]<\/p>\n<p>[vc_tta_section title=&#8221;Kuidas seksnukku puhastada ja hoiustada?&#8221; tab_id=&#8221;faq5&#8243;]<br \/>\n[vc_column_text]<br \/>\nPuhasta \u00f5rnade vahenditega, kuivata p\u00f5hjalikult ja hoiusta kuivas kohas eemal kuumusest ning otsesest p\u00e4ikesevalgusest. J\u00e4rgi alati tootelehel toodud juhiseid.<br \/>\n[\/vc_column_text]<br \/>\n[\/vc_tta_section]<\/p>\n<p>[\/vc_tta_accordion]<\/p>\n<p>[vc_row_inner css=&#8221;padding-top:18px;&#8221;]<\/p>\n<p>[vc_column_inner width=&#8221;1\/2&#8243;]<br \/>\n[vc_btn title=&#8221;Sirvi seksnukke&#8221; style=&#8221;custom&#8221; custom_background=&#8221;#2b2b2b&#8221; custom_text=&#8221;#ffffff&#8221; size=&#8221;lg&#8221; align=&#8221;left&#8221; link=&#8221;url:https%3A%2F%2Flovedoll.ee%2Fet%2Fseksnukkude-pood%2F&#8221; el_class=&#8221;ld-btn-main&#8221;]<br \/>\n[\/vc_column_inner]<\/p>\n<p>[vc_column_inner width=&#8221;1\/2&#8243;]<br \/>\n[vc_btn title=&#8221;K\u00fcsi soovitusi&#8221; style=&#8221;outline-custom&#8221; size=&#8221;lg&#8221; align=&#8221;left&#8221; link=&#8221;url:https%3A%2F%2Flovedoll.ee%2Fet%2Fkontakt%2F&#8221; el_class=&#8221;ld-btn-outline&#8221;]<br \/>\n[\/vc_column_inner]<\/p>\n<p>[\/vc_row_inner]<\/p>\n<p>[\/vc_column]<\/p>\n<p>[\/vc_row]<\/p>\n<\/div>\n<\/div>","protected":false},"excerpt":{"rendered":"<p>[vc_row full_width=&#8221;stretch_row&#8221; el_class=&#8221;ld-hero-section&#8221;] [vc_column width=&#8221;1\/2&#8243; el_class=&#8221;ld-hero-images&#8221;] [vc_single_image image=&#8221;23454&#8243; img_size=&#8221;full&#8221; alignment=&#8221;center&#8221; el_class=&#8221;ld-image-card ld-hero-image&#8221;] [\/vc_column] [vc_column width=&#8221;1\/2&#8243; el_class=&#8221;ld-hero-copy&#8221;] [vc_custom_heading text=&#8221;Seksnukud&#8221; font_container=&#8221;tag:h1|text_align:left|color:%23ffffff&#8221;] [vc_column_text] Avasta premium-kvaliteediga realistlikud seksnukud, mis \u00fchendavad elutruu v\u00e4limuse, loomuliku tunnetuse ja pikaajalise vastupidavuse. Lovedolli valikust leiad nii silikoon- kui TPE-seksnukud, samuti t\u00e4iustatud seksrobotid ja kohandatavad mudelid erinevate eelistuste jaoks. Kui otsid realistlikku seksnukku, mis n\u00e4eb [&hellip;]<\/p>\n","protected":false},"author":3,"featured_media":23454,"parent":0,"menu_order":0,"comment_status":"closed","ping_status":"closed","template":"","meta":{"_dtb_header_variant":"","_dtb_show_title":false,"_dtb_content_layout":"default","_dtb_footer_variant":"","footnotes":""},"class_list":["post-3663","page","type-page","status-publish","has-post-thumbnail","hentry"],"yoast_head":"<!-- This site is optimized with the Yoast SEO plugin v27.1.1 - https:\/\/yoast.com\/product\/yoast-seo-wordpress\/ -->\n<title>Seksnukud - Seksnukk ja seksrobot | Lovedoll<\/title>\n<meta name=\"description\" content=\"Seksnukud - seksnukk, ideaalse kehaga kaaslaslane, kes t\u00e4idab k\u00f5ik unelmad! Unelmate seksnukud veebipoest. Diskreetne k\u00e4ttetoimetamine!\" \/>\n<meta name=\"robots\" content=\"noindex, follow, max-snippet:-1, max-image-preview:large, max-video-preview:-1\" \/>\n<meta property=\"og:locale\" content=\"en_US\" \/>\n<meta property=\"og:type\" content=\"article\" \/>\n<meta property=\"og:title\" content=\"Seksnukud - Seksnukk ja seksrobot | Lovedoll\" \/>\n<meta property=\"og:description\" content=\"Seksnukud - seksnukk, ideaalse kehaga kaaslaslane, kes t\u00e4idab k\u00f5ik unelmad! Unelmate seksnukud veebipoest. Diskreetne k\u00e4ttetoimetamine!\" \/>\n<meta property=\"og:url\" content=\"https:\/\/lovedoll.ee\/TESTING-2026\/et\/seksnukud\/\" \/>\n<meta property=\"og:site_name\" content=\"Lovedoll.ee\" \/>\n<meta property=\"article:modified_time\" content=\"2026-03-13T15:55:47+00:00\" \/>\n<meta property=\"og:image\" content=\"http:\/\/lovedoll.ee\/TESTING-2026\/wp-content\/uploads\/2026\/03\/seksnukud_11.webp\" \/>\n\t<meta property=\"og:image:width\" content=\"1968\" \/>\n\t<meta property=\"og:image:height\" content=\"1555\" \/>\n\t<meta property=\"og:image:type\" content=\"image\/webp\" \/>\n<meta name=\"twitter:card\" content=\"summary_large_image\" \/>\n<meta name=\"twitter:label1\" content=\"Est. reading time\" \/>\n\t<meta name=\"twitter:data1\" content=\"3 minutes\" \/>\n<script type=\"application\/ld+json\" class=\"yoast-schema-graph\">{\"@context\":\"https:\/\/schema.org\",\"@graph\":[{\"@type\":\"WebPage\",\"@id\":\"https:\/\/lovedoll.ee\/TESTING-2026\/et\/seksnukud\/\",\"url\":\"https:\/\/lovedoll.ee\/TESTING-2026\/et\/seksnukud\/\",\"name\":\"Seksnukud - Seksnukk ja seksrobot | Lovedoll\",\"isPartOf\":{\"@id\":\"https:\/\/lovedoll.ee\/TESTING-2026\/#website\"},\"primaryImageOfPage\":{\"@id\":\"https:\/\/lovedoll.ee\/TESTING-2026\/et\/seksnukud\/#primaryimage\"},\"image\":{\"@id\":\"https:\/\/lovedoll.ee\/TESTING-2026\/et\/seksnukud\/#primaryimage\"},\"thumbnailUrl\":\"https:\/\/lovedoll.ee\/TESTING-2026\/wp-content\/uploads\/2026\/03\/seksnukud_11.webp\",\"datePublished\":\"2024-03-07T11:21:34+00:00\",\"dateModified\":\"2026-03-13T15:55:47+00:00\",\"description\":\"Seksnukud - seksnukk, ideaalse kehaga kaaslaslane, kes t\u00e4idab k\u00f5ik unelmad! Unelmate seksnukud veebipoest. Diskreetne k\u00e4ttetoimetamine!\",\"breadcrumb\":{\"@id\":\"https:\/\/lovedoll.ee\/TESTING-2026\/et\/seksnukud\/#breadcrumb\"},\"inLanguage\":\"en-US\",\"potentialAction\":[{\"@type\":\"ReadAction\",\"target\":[\"https:\/\/lovedoll.ee\/TESTING-2026\/et\/seksnukud\/\"]}]},{\"@type\":\"ImageObject\",\"inLanguage\":\"en-US\",\"@id\":\"https:\/\/lovedoll.ee\/TESTING-2026\/et\/seksnukud\/#primaryimage\",\"url\":\"https:\/\/lovedoll.ee\/TESTING-2026\/wp-content\/uploads\/2026\/03\/seksnukud_11.webp\",\"contentUrl\":\"https:\/\/lovedoll.ee\/TESTING-2026\/wp-content\/uploads\/2026\/03\/seksnukud_11.webp\",\"width\":1968,\"height\":1555,\"caption\":\"seksnukud +\"},{\"@type\":\"BreadcrumbList\",\"@id\":\"https:\/\/lovedoll.ee\/TESTING-2026\/et\/seksnukud\/#breadcrumb\",\"itemListElement\":[{\"@type\":\"ListItem\",\"position\":1,\"name\":\"Home\",\"item\":\"https:\/\/lovedoll.ee\/TESTING-2026\/et\/\"},{\"@type\":\"ListItem\",\"position\":2,\"name\":\"Seksnukud \u2013 Seksnukk ja seksrobot\"}]},{\"@type\":\"WebSite\",\"@id\":\"https:\/\/lovedoll.ee\/TESTING-2026\/#website\",\"url\":\"https:\/\/lovedoll.ee\/TESTING-2026\/\",\"name\":\"Lovedoll.ee\",\"description\":\"Sinu unistuste kaaslane\",\"potentialAction\":[{\"@type\":\"SearchAction\",\"target\":{\"@type\":\"EntryPoint\",\"urlTemplate\":\"https:\/\/lovedoll.ee\/TESTING-2026\/?s={search_term_string}\"},\"query-input\":{\"@type\":\"PropertyValueSpecification\",\"valueRequired\":true,\"valueName\":\"search_term_string\"}}],\"inLanguage\":\"en-US\"}]}<\/script>\n<!-- \/ Yoast SEO plugin. -->","yoast_head_json":{"title":"Seksnukud - Seksnukk ja seksrobot | Lovedoll","description":"Seksnukud - seksnukk, ideaalse kehaga kaaslaslane, kes t\u00e4idab k\u00f5ik unelmad! Unelmate seksnukud veebipoest. Diskreetne k\u00e4ttetoimetamine!","robots":{"index":"noindex","follow":"follow","max-snippet":"max-snippet:-1","max-image-preview":"max-image-preview:large","max-video-preview":"max-video-preview:-1"},"og_locale":"en_US","og_type":"article","og_title":"Seksnukud - Seksnukk ja seksrobot | Lovedoll","og_description":"Seksnukud - seksnukk, ideaalse kehaga kaaslaslane, kes t\u00e4idab k\u00f5ik unelmad! Unelmate seksnukud veebipoest. Diskreetne k\u00e4ttetoimetamine!","og_url":"https:\/\/lovedoll.ee\/TESTING-2026\/et\/seksnukud\/","og_site_name":"Lovedoll.ee","article_modified_time":"2026-03-13T15:55:47+00:00","og_image":[{"width":1968,"height":1555,"url":"http:\/\/lovedoll.ee\/TESTING-2026\/wp-content\/uploads\/2026\/03\/seksnukud_11.webp","type":"image\/webp"}],"twitter_card":"summary_large_image","twitter_misc":{"Est. reading time":"3 minutes"},"schema":{"@context":"https:\/\/schema.org","@graph":[{"@type":"WebPage","@id":"https:\/\/lovedoll.ee\/TESTING-2026\/et\/seksnukud\/","url":"https:\/\/lovedoll.ee\/TESTING-2026\/et\/seksnukud\/","name":"Seksnukud - Seksnukk ja seksrobot | Lovedoll","isPartOf":{"@id":"https:\/\/lovedoll.ee\/TESTING-2026\/#website"},"primaryImageOfPage":{"@id":"https:\/\/lovedoll.ee\/TESTING-2026\/et\/seksnukud\/#primaryimage"},"image":{"@id":"https:\/\/lovedoll.ee\/TESTING-2026\/et\/seksnukud\/#primaryimage"},"thumbnailUrl":"https:\/\/lovedoll.ee\/TESTING-2026\/wp-content\/uploads\/2026\/03\/seksnukud_11.webp","datePublished":"2024-03-07T11:21:34+00:00","dateModified":"2026-03-13T15:55:47+00:00","description":"Seksnukud - seksnukk, ideaalse kehaga kaaslaslane, kes t\u00e4idab k\u00f5ik unelmad! Unelmate seksnukud veebipoest. Diskreetne k\u00e4ttetoimetamine!","breadcrumb":{"@id":"https:\/\/lovedoll.ee\/TESTING-2026\/et\/seksnukud\/#breadcrumb"},"inLanguage":"en-US","potentialAction":[{"@type":"ReadAction","target":["https:\/\/lovedoll.ee\/TESTING-2026\/et\/seksnukud\/"]}]},{"@type":"ImageObject","inLanguage":"en-US","@id":"https:\/\/lovedoll.ee\/TESTING-2026\/et\/seksnukud\/#primaryimage","url":"https:\/\/lovedoll.ee\/TESTING-2026\/wp-content\/uploads\/2026\/03\/seksnukud_11.webp","contentUrl":"https:\/\/lovedoll.ee\/TESTING-2026\/wp-content\/uploads\/2026\/03\/seksnukud_11.webp","width":1968,"height":1555,"caption":"seksnukud +"},{"@type":"BreadcrumbList","@id":"https:\/\/lovedoll.ee\/TESTING-2026\/et\/seksnukud\/#breadcrumb","itemListElement":[{"@type":"ListItem","position":1,"name":"Home","item":"https:\/\/lovedoll.ee\/TESTING-2026\/et\/"},{"@type":"ListItem","position":2,"name":"Seksnukud \u2013 Seksnukk ja seksrobot"}]},{"@type":"WebSite","@id":"https:\/\/lovedoll.ee\/TESTING-2026\/#website","url":"https:\/\/lovedoll.ee\/TESTING-2026\/","name":"Lovedoll.ee","description":"Sinu unistuste kaaslane","potentialAction":[{"@type":"SearchAction","target":{"@type":"EntryPoint","urlTemplate":"https:\/\/lovedoll.ee\/TESTING-2026\/?s={search_term_string}"},"query-input":{"@type":"PropertyValueSpecification","valueRequired":true,"valueName":"search_term_string"}}],"inLanguage":"en-US"}]}},"lang":"et","translations":{"et":3663,"en":19395},"pll_sync_post":[],"_links":{"self":[{"href":"https:\/\/lovedoll.ee\/TESTING-2026\/wp-json\/wp\/v2\/pages\/3663","targetHints":{"allow":["GET"]}}],"collection":[{"href":"https:\/\/lovedoll.ee\/TESTING-2026\/wp-json\/wp\/v2\/pages"}],"about":[{"href":"https:\/\/lovedoll.ee\/TESTING-2026\/wp-json\/wp\/v2\/types\/page"}],"author":[{"embeddable":true,"href":"https:\/\/lovedoll.ee\/TESTING-2026\/wp-json\/wp\/v2\/users\/3"}],"replies":[{"embeddable":true,"href":"https:\/\/lovedoll.ee\/TESTING-2026\/wp-json\/wp\/v2\/comments?post=3663"}],"version-history":[{"count":5,"href":"https:\/\/lovedoll.ee\/TESTING-2026\/wp-json\/wp\/v2\/pages\/3663\/revisions"}],"predecessor-version":[{"id":22340,"href":"https:\/\/lovedoll.ee\/TESTING-2026\/wp-json\/wp\/v2\/pages\/3663\/revisions\/22340"}],"wp:featuredmedia":[{"embeddable":true,"href":"https:\/\/lovedoll.ee\/TESTING-2026\/wp-json\/wp\/v2\/media\/23454"}],"wp:attachment":[{"href":"https:\/\/lovedoll.ee\/TESTING-2026\/wp-json\/wp\/v2\/media?parent=3663"}],"curies":[{"name":"wp","href":"https:\/\/api.w.org\/{rel}","templated":true}]}}