{"id":566,"date":"2018-09-14T17:46:21","date_gmt":"2018-09-14T17:46:21","guid":{"rendered":"https:\/\/airi.la-studioweb.com\/?page_id=566"},"modified":"2026-01-14T15:04:26","modified_gmt":"2026-01-14T13:04:26","slug":"seksnukkude-brandid","status":"publish","type":"page","link":"https:\/\/lovedoll.ee\/TESTING-2026\/et\/seksnukkude-brandid\/","title":{"rendered":"Seksnukkude br\u00e4ndid"},"content":{"rendered":"<div class=\"wpb-content-wrapper\"><p>[vc_row][vc_column][vc_separator][\/vc_column][\/vc_row][vc_row][vc_column width=&#8221;1\/2&#8243;][vc_single_image image=&#8221;19127&#8243; img_size=&#8221;medium&#8221; style=&#8221;vc_box_rounded&#8221;][\/vc_column][vc_column width=&#8221;1\/2&#8243;][vc_column_text]Lovedoll on Euroopa parimate seksnukkude ametlik edasim\u00fc\u00fcja. Pakume erinevate tootjate seksnukke, et saaksite osta meilt suurep\u00e4rase seksnuku mis tahes eelarvega. Erinevad kaubam\u00e4rgid erinevad hinna ja kvaliteedi poolest.<\/p>\n<p>M\u00fc\u00fcme j\u00e4rgmiste br\u00e4ndide tooteid:[\/vc_column_text][vc_row_inner][vc_column_inner width=&#8221;1\/4&#8243;][vc_single_image image=&#8221;20016&#8243; img_size=&#8221;full&#8221; alignment=&#8221;center&#8221; style=&#8221;vc_box_rounded&#8221;][\/vc_column_inner][vc_column_inner width=&#8221;1\/4&#8243;][vc_single_image image=&#8221;19843&#8243; img_size=&#8221;full&#8221; alignment=&#8221;center&#8221; style=&#8221;vc_box_rounded&#8221;][\/vc_column_inner][vc_column_inner width=&#8221;1\/4&#8243;][vc_single_image image=&#8221;19840&#8243; img_size=&#8221;full&#8221; alignment=&#8221;center&#8221; style=&#8221;vc_box_rounded&#8221; css=&#8221;&#8221;][\/vc_column_inner][vc_column_inner width=&#8221;1\/4&#8243;][vc_single_image image=&#8221;3535&#8243; img_size=&#8221;full&#8221; alignment=&#8221;center&#8221; style=&#8221;vc_box_rounded&#8221; css=&#8221;&#8221;][\/vc_column_inner][\/vc_row_inner][\/vc_column][\/vc_row][vc_row][vc_column][\/vc_column][\/vc_row]<\/p>\n<\/div>","protected":false},"excerpt":{"rendered":"<p>[vc_row][vc_column][vc_separator][\/vc_column][\/vc_row][vc_row][vc_column width=&#8221;1\/2&#8243;][vc_single_image image=&#8221;19127&#8243; img_size=&#8221;medium&#8221; style=&#8221;vc_box_rounded&#8221;][\/vc_column][vc_column width=&#8221;1\/2&#8243;][vc_column_text]Lovedoll on Euroopa parimate seksnukkude ametlik edasim\u00fc\u00fcja. Pakume erinevate tootjate seksnukke, et saaksite osta meilt suurep\u00e4rase seksnuku mis tahes eelarvega. Erinevad kaubam\u00e4rgid erinevad hinna ja kvaliteedi poolest. M\u00fc\u00fcme j\u00e4rgmiste br\u00e4ndide tooteid:[\/vc_column_text][vc_row_inner][vc_column_inner width=&#8221;1\/4&#8243;][vc_single_image image=&#8221;20016&#8243; img_size=&#8221;full&#8221; alignment=&#8221;center&#8221; style=&#8221;vc_box_rounded&#8221;][\/vc_column_inner][vc_column_inner width=&#8221;1\/4&#8243;][vc_single_image image=&#8221;19843&#8243; img_size=&#8221;full&#8221; alignment=&#8221;center&#8221; style=&#8221;vc_box_rounded&#8221;][\/vc_column_inner][vc_column_inner width=&#8221;1\/4&#8243;][vc_single_image image=&#8221;19840&#8243; img_size=&#8221;full&#8221; alignment=&#8221;center&#8221; style=&#8221;vc_box_rounded&#8221; css=&#8221;&#8221;][\/vc_column_inner][vc_column_inner width=&#8221;1\/4&#8243;][vc_single_image image=&#8221;3535&#8243; img_size=&#8221;full&#8221; [&hellip;]<\/p>\n","protected":false},"author":3,"featured_media":0,"parent":0,"menu_order":0,"comment_status":"closed","ping_status":"closed","template":"","meta":{"_dtb_header_variant":"","_dtb_show_title":false,"_dtb_content_layout":"default","_dtb_footer_variant":"","footnotes":""},"class_list":["post-566","page","type-page","status-publish","hentry"],"yoast_head":"<!-- This site is optimized with the Yoast SEO plugin v27.1.1 - https:\/\/yoast.com\/product\/yoast-seo-wordpress\/ -->\n<title>Seksnukkude br\u00e4ndid - Lovedoll.ee<\/title>\n<meta name=\"robots\" content=\"noindex, follow, max-snippet:-1, max-image-preview:large, max-video-preview:-1\" \/>\n<meta property=\"og:locale\" content=\"en_US\" \/>\n<meta property=\"og:type\" content=\"article\" \/>\n<meta property=\"og:title\" content=\"Seksnukkude br\u00e4ndid - Lovedoll.ee\" \/>\n<meta property=\"og:description\" content=\"[vc_row][vc_column][vc_separator][\/vc_column][\/vc_row][vc_row][vc_column width=&#8221;1\/2&#8243;][vc_single_image image=&#8221;19127&#8243; img_size=&#8221;medium&#8221; style=&#8221;vc_box_rounded&#8221;][\/vc_column][vc_column width=&#8221;1\/2&#8243;][vc_column_text]Lovedoll on Euroopa parimate seksnukkude ametlik edasim\u00fc\u00fcja. Pakume erinevate tootjate seksnukke, et saaksite osta meilt suurep\u00e4rase seksnuku mis tahes eelarvega. Erinevad kaubam\u00e4rgid erinevad hinna ja kvaliteedi poolest. M\u00fc\u00fcme j\u00e4rgmiste br\u00e4ndide tooteid:[\/vc_column_text][vc_row_inner][vc_column_inner width=&#8221;1\/4&#8243;][vc_single_image image=&#8221;20016&#8243; img_size=&#8221;full&#8221; alignment=&#8221;center&#8221; style=&#8221;vc_box_rounded&#8221;][\/vc_column_inner][vc_column_inner width=&#8221;1\/4&#8243;][vc_single_image image=&#8221;19843&#8243; img_size=&#8221;full&#8221; alignment=&#8221;center&#8221; style=&#8221;vc_box_rounded&#8221;][\/vc_column_inner][vc_column_inner width=&#8221;1\/4&#8243;][vc_single_image image=&#8221;19840&#8243; img_size=&#8221;full&#8221; alignment=&#8221;center&#8221; style=&#8221;vc_box_rounded&#8221; css=&#8221;&#8221;][\/vc_column_inner][vc_column_inner width=&#8221;1\/4&#8243;][vc_single_image image=&#8221;3535&#8243; img_size=&#8221;full&#8221; [&hellip;]\" \/>\n<meta property=\"og:url\" content=\"https:\/\/lovedoll.ee\/TESTING-2026\/et\/seksnukkude-brandid\/\" \/>\n<meta property=\"og:site_name\" content=\"Lovedoll.ee\" \/>\n<meta property=\"article:modified_time\" content=\"2026-01-14T13:04:26+00:00\" \/>\n<meta name=\"twitter:card\" content=\"summary_large_image\" \/>\n<meta name=\"twitter:label1\" content=\"Est. reading time\" \/>\n\t<meta name=\"twitter:data1\" content=\"2 minutes\" \/>\n<script type=\"application\/ld+json\" class=\"yoast-schema-graph\">{\"@context\":\"https:\/\/schema.org\",\"@graph\":[{\"@type\":\"WebPage\",\"@id\":\"https:\/\/lovedoll.ee\/TESTING-2026\/et\/seksnukkude-brandid\/\",\"url\":\"https:\/\/lovedoll.ee\/TESTING-2026\/et\/seksnukkude-brandid\/\",\"name\":\"Seksnukkude br\u00e4ndid - Lovedoll.ee\",\"isPartOf\":{\"@id\":\"https:\/\/lovedoll.ee\/TESTING-2026\/#website\"},\"datePublished\":\"2018-09-14T17:46:21+00:00\",\"dateModified\":\"2026-01-14T13:04:26+00:00\",\"breadcrumb\":{\"@id\":\"https:\/\/lovedoll.ee\/TESTING-2026\/et\/seksnukkude-brandid\/#breadcrumb\"},\"inLanguage\":\"en-US\",\"potentialAction\":[{\"@type\":\"ReadAction\",\"target\":[\"https:\/\/lovedoll.ee\/TESTING-2026\/et\/seksnukkude-brandid\/\"]}]},{\"@type\":\"BreadcrumbList\",\"@id\":\"https:\/\/lovedoll.ee\/TESTING-2026\/et\/seksnukkude-brandid\/#breadcrumb\",\"itemListElement\":[{\"@type\":\"ListItem\",\"position\":1,\"name\":\"Home\",\"item\":\"https:\/\/lovedoll.ee\/TESTING-2026\/et\/\"},{\"@type\":\"ListItem\",\"position\":2,\"name\":\"Seksnukkude br\u00e4ndid\"}]},{\"@type\":\"WebSite\",\"@id\":\"https:\/\/lovedoll.ee\/TESTING-2026\/#website\",\"url\":\"https:\/\/lovedoll.ee\/TESTING-2026\/\",\"name\":\"Lovedoll.ee\",\"description\":\"Sinu unistuste kaaslane\",\"potentialAction\":[{\"@type\":\"SearchAction\",\"target\":{\"@type\":\"EntryPoint\",\"urlTemplate\":\"https:\/\/lovedoll.ee\/TESTING-2026\/?s={search_term_string}\"},\"query-input\":{\"@type\":\"PropertyValueSpecification\",\"valueRequired\":true,\"valueName\":\"search_term_string\"}}],\"inLanguage\":\"en-US\"}]}<\/script>\n<!-- \/ Yoast SEO plugin. -->","yoast_head_json":{"title":"Seksnukkude br\u00e4ndid - Lovedoll.ee","robots":{"index":"noindex","follow":"follow","max-snippet":"max-snippet:-1","max-image-preview":"max-image-preview:large","max-video-preview":"max-video-preview:-1"},"og_locale":"en_US","og_type":"article","og_title":"Seksnukkude br\u00e4ndid - Lovedoll.ee","og_description":"[vc_row][vc_column][vc_separator][\/vc_column][\/vc_row][vc_row][vc_column width=&#8221;1\/2&#8243;][vc_single_image image=&#8221;19127&#8243; img_size=&#8221;medium&#8221; style=&#8221;vc_box_rounded&#8221;][\/vc_column][vc_column width=&#8221;1\/2&#8243;][vc_column_text]Lovedoll on Euroopa parimate seksnukkude ametlik edasim\u00fc\u00fcja. Pakume erinevate tootjate seksnukke, et saaksite osta meilt suurep\u00e4rase seksnuku mis tahes eelarvega. Erinevad kaubam\u00e4rgid erinevad hinna ja kvaliteedi poolest. M\u00fc\u00fcme j\u00e4rgmiste br\u00e4ndide tooteid:[\/vc_column_text][vc_row_inner][vc_column_inner width=&#8221;1\/4&#8243;][vc_single_image image=&#8221;20016&#8243; img_size=&#8221;full&#8221; alignment=&#8221;center&#8221; style=&#8221;vc_box_rounded&#8221;][\/vc_column_inner][vc_column_inner width=&#8221;1\/4&#8243;][vc_single_image image=&#8221;19843&#8243; img_size=&#8221;full&#8221; alignment=&#8221;center&#8221; style=&#8221;vc_box_rounded&#8221;][\/vc_column_inner][vc_column_inner width=&#8221;1\/4&#8243;][vc_single_image image=&#8221;19840&#8243; img_size=&#8221;full&#8221; alignment=&#8221;center&#8221; style=&#8221;vc_box_rounded&#8221; css=&#8221;&#8221;][\/vc_column_inner][vc_column_inner width=&#8221;1\/4&#8243;][vc_single_image image=&#8221;3535&#8243; img_size=&#8221;full&#8221; [&hellip;]","og_url":"https:\/\/lovedoll.ee\/TESTING-2026\/et\/seksnukkude-brandid\/","og_site_name":"Lovedoll.ee","article_modified_time":"2026-01-14T13:04:26+00:00","twitter_card":"summary_large_image","twitter_misc":{"Est. reading time":"2 minutes"},"schema":{"@context":"https:\/\/schema.org","@graph":[{"@type":"WebPage","@id":"https:\/\/lovedoll.ee\/TESTING-2026\/et\/seksnukkude-brandid\/","url":"https:\/\/lovedoll.ee\/TESTING-2026\/et\/seksnukkude-brandid\/","name":"Seksnukkude br\u00e4ndid - Lovedoll.ee","isPartOf":{"@id":"https:\/\/lovedoll.ee\/TESTING-2026\/#website"},"datePublished":"2018-09-14T17:46:21+00:00","dateModified":"2026-01-14T13:04:26+00:00","breadcrumb":{"@id":"https:\/\/lovedoll.ee\/TESTING-2026\/et\/seksnukkude-brandid\/#breadcrumb"},"inLanguage":"en-US","potentialAction":[{"@type":"ReadAction","target":["https:\/\/lovedoll.ee\/TESTING-2026\/et\/seksnukkude-brandid\/"]}]},{"@type":"BreadcrumbList","@id":"https:\/\/lovedoll.ee\/TESTING-2026\/et\/seksnukkude-brandid\/#breadcrumb","itemListElement":[{"@type":"ListItem","position":1,"name":"Home","item":"https:\/\/lovedoll.ee\/TESTING-2026\/et\/"},{"@type":"ListItem","position":2,"name":"Seksnukkude br\u00e4ndid"}]},{"@type":"WebSite","@id":"https:\/\/lovedoll.ee\/TESTING-2026\/#website","url":"https:\/\/lovedoll.ee\/TESTING-2026\/","name":"Lovedoll.ee","description":"Sinu unistuste kaaslane","potentialAction":[{"@type":"SearchAction","target":{"@type":"EntryPoint","urlTemplate":"https:\/\/lovedoll.ee\/TESTING-2026\/?s={search_term_string}"},"query-input":{"@type":"PropertyValueSpecification","valueRequired":true,"valueName":"search_term_string"}}],"inLanguage":"en-US"}]}},"lang":"et","translations":{"et":566,"en":19427},"pll_sync_post":[],"_links":{"self":[{"href":"https:\/\/lovedoll.ee\/TESTING-2026\/wp-json\/wp\/v2\/pages\/566","targetHints":{"allow":["GET"]}}],"collection":[{"href":"https:\/\/lovedoll.ee\/TESTING-2026\/wp-json\/wp\/v2\/pages"}],"about":[{"href":"https:\/\/lovedoll.ee\/TESTING-2026\/wp-json\/wp\/v2\/types\/page"}],"author":[{"embeddable":true,"href":"https:\/\/lovedoll.ee\/TESTING-2026\/wp-json\/wp\/v2\/users\/3"}],"replies":[{"embeddable":true,"href":"https:\/\/lovedoll.ee\/TESTING-2026\/wp-json\/wp\/v2\/comments?post=566"}],"version-history":[{"count":4,"href":"https:\/\/lovedoll.ee\/TESTING-2026\/wp-json\/wp\/v2\/pages\/566\/revisions"}],"predecessor-version":[{"id":22151,"href":"https:\/\/lovedoll.ee\/TESTING-2026\/wp-json\/wp\/v2\/pages\/566\/revisions\/22151"}],"wp:attachment":[{"href":"https:\/\/lovedoll.ee\/TESTING-2026\/wp-json\/wp\/v2\/media?parent=566"}],"curies":[{"name":"wp","href":"https:\/\/api.w.org\/{rel}","templated":true}]}}